{"id":1079,"date":"2025-08-26T18:16:08","date_gmt":"2025-08-26T18:16:08","guid":{"rendered":"https:\/\/reolons.ch\/?page_id=1079"},"modified":"2025-09-01T06:14:39","modified_gmt":"2025-09-01T06:14:39","slug":"die-herstellung-von-massschuhen","status":"publish","type":"page","link":"https:\/\/reolons.ch\/index.php\/die-herstellung-von-massschuhen\/","title":{"rendered":"Die Herstellung von Massschuhen"},"content":{"rendered":"\n<p>Die Herstellung von Massschuhen<\/p>\n\n\n\n<figure class=\"wp-block-image size-large\"><img loading=\"lazy\" decoding=\"async\" width=\"717\" height=\"1024\" src=\"http:\/\/reolons.ch\/wp-content\/uploads\/2025\/08\/howtheshoetobedo-717x1024.png\" alt=\"\" class=\"wp-image-1081\" srcset=\"https:\/\/reolons.ch\/wp-content\/uploads\/2025\/08\/howtheshoetobedo-717x1024.png 717w, https:\/\/reolons.ch\/wp-content\/uploads\/2025\/08\/howtheshoetobedo-210x300.png 210w, https:\/\/reolons.ch\/wp-content\/uploads\/2025\/08\/howtheshoetobedo-768x1097.png 768w, https:\/\/reolons.ch\/wp-content\/uploads\/2025\/08\/howtheshoetobedo-1075x1536.png 1075w, https:\/\/reolons.ch\/wp-content\/uploads\/2025\/08\/howtheshoetobedo-1434x2048.png 1434w, https:\/\/reolons.ch\/wp-content\/uploads\/2025\/08\/howtheshoetobedo-scaled.png 1792w\" sizes=\"auto, (max-width: 717px) 100vw, 717px\" \/><\/figure>\n\n\n\n<ol class=\"wp-block-list\">\n<li>Die F\u00fcsse werden ausgemessen und die Form und Ausf\u00fchrung der Schuhe wird besprochen.<\/li>\n\n\n\n<li>Die passenden Leisten werden bearbeitet, bis die Masse mit denen der F\u00fcsse \u00fcbereinstimmen und die gew\u00fcnschte Schuhform entsteht.<\/li>\n\n\n\n<li>Der Schaft wird aus Leder oder Stoff angefertigt. <\/li>\n\n\n\n<li>Meist testet man mit einem Probeschuh, ob die Passform stimmt. Allenfalls wird nachgebessert.<\/li>\n\n\n\n<li>Stimmen Passform und Schaftmuster, wird der Schaft \u00fcber den Leisten gezogen und an die innere Sohle genagelt. Diesen Vorgang nennt man zwicken. Schaft und Sohle werden danach auf gew\u00fcnschte Art und Weise (kleben oder n\u00e4hen) verbunden und Sohle und Absatz werden angebracht.<\/li>\n\n\n\n<li>Zum Schluss, und sozusagen als Geburt des Schuhs, wird er ausgeleistet. Der h\u00f6lzerne Leist wird aus dem Schuh gezogen.<\/li>\n<\/ol>\n","protected":false},"excerpt":{"rendered":"<p>Die Herstellung von Massschuhen<\/p>\n","protected":false},"author":1,"featured_media":0,"parent":0,"menu_order":0,"comment_status":"closed","ping_status":"closed","template":"","meta":{"footnotes":""},"class_list":["post-1079","page","type-page","status-publish","hentry"],"_links":{"self":[{"href":"https:\/\/reolons.ch\/index.php\/wp-json\/wp\/v2\/pages\/1079","targetHints":{"allow":["GET"]}}],"collection":[{"href":"https:\/\/reolons.ch\/index.php\/wp-json\/wp\/v2\/pages"}],"about":[{"href":"https:\/\/reolons.ch\/index.php\/wp-json\/wp\/v2\/types\/page"}],"author":[{"embeddable":true,"href":"https:\/\/reolons.ch\/index.php\/wp-json\/wp\/v2\/users\/1"}],"replies":[{"embeddable":true,"href":"https:\/\/reolons.ch\/index.php\/wp-json\/wp\/v2\/comments?post=1079"}],"version-history":[{"count":5,"href":"https:\/\/reolons.ch\/index.php\/wp-json\/wp\/v2\/pages\/1079\/revisions"}],"predecessor-version":[{"id":1089,"href":"https:\/\/reolons.ch\/index.php\/wp-json\/wp\/v2\/pages\/1079\/revisions\/1089"}],"wp:attachment":[{"href":"https:\/\/reolons.ch\/index.php\/wp-json\/wp\/v2\/media?parent=1079"}],"curies":[{"name":"wp","href":"https:\/\/api.w.org\/{rel}","templated":true}]}}